{"id":1992,"date":"2025-07-10T08:18:15","date_gmt":"2025-07-10T06:18:15","guid":{"rendered":"https:\/\/fitnessplayer.io\/product\/pricing\/"},"modified":"2025-11-27T15:06:18","modified_gmt":"2025-11-27T14:06:18","slug":"priser","status":"publish","type":"page","link":"https:\/\/fitnessplayer.io\/no\/produkt\/priser\/","title":{"rendered":"Priser"},"content":{"rendered":"","protected":false},"excerpt":{"rendered":"","protected":false},"author":1,"featured_media":0,"parent":1956,"menu_order":0,"comment_status":"closed","ping_status":"closed","template":"ct-flexible-sections.php","meta":{"_acf_changed":false,"footnotes":""},"class_list":["post-1992","page","type-page","status-publish","hentry"],"acf":[],"yoast_head":"<!-- This site is optimized with the Yoast SEO plugin v27.4 - https:\/\/yoast.com\/product\/yoast-seo-wordpress\/ -->\n<title>FitnessPlayer \u2013 Priser for treningssentre og instrukt\u00f8rer<\/title>\n<meta name=\"description\" content=\"Se v\u00e5re prisplaner for treningssentre og instrukt\u00f8rer. Velg mellom lisensfri musikk eller kommersielle hits \u2013 alt lovlig og klart til bruk.\" \/>\n<meta name=\"robots\" content=\"index, follow, max-snippet:-1, max-image-preview:large, max-video-preview:-1\" \/>\n<link rel=\"canonical\" href=\"https:\/\/fitnessplayer.io\/no\/produkt\/priser\/\" \/>\n<meta property=\"og:locale\" content=\"nb_NO\" \/>\n<meta property=\"og:type\" content=\"article\" \/>\n<meta property=\"og:title\" content=\"FitnessPlayer \u2013 Priser for treningssentre og instrukt\u00f8rer\" \/>\n<meta property=\"og:description\" content=\"Se v\u00e5re prisplaner for treningssentre og instrukt\u00f8rer. Velg mellom lisensfri musikk eller kommersielle hits \u2013 alt lovlig og klart til bruk.\" \/>\n<meta property=\"og:url\" content=\"https:\/\/fitnessplayer.io\/no\/produkt\/priser\/\" \/>\n<meta property=\"og:site_name\" content=\"FitnessPlayer\" \/>\n<meta property=\"article:publisher\" content=\"https:\/\/www.facebook.com\/myfitnessplayer\/\" \/>\n<meta property=\"article:modified_time\" content=\"2025-11-27T14:06:18+00:00\" \/>\n<meta name=\"twitter:card\" content=\"summary_large_image\" \/>\n<script type=\"application\/ld+json\" class=\"yoast-schema-graph\">{\"@context\":\"https:\\\/\\\/schema.org\",\"@graph\":[{\"@type\":\"WebPage\",\"@id\":\"https:\\\/\\\/fitnessplayer.io\\\/no\\\/produkt\\\/priser\\\/\",\"url\":\"https:\\\/\\\/fitnessplayer.io\\\/no\\\/produkt\\\/priser\\\/\",\"name\":\"FitnessPlayer \u2013 Priser for treningssentre og instrukt\u00f8rer\",\"isPartOf\":{\"@id\":\"https:\\\/\\\/fitnessplayer.io\\\/no\\\/#website\"},\"datePublished\":\"2025-07-10T06:18:15+00:00\",\"dateModified\":\"2025-11-27T14:06:18+00:00\",\"description\":\"Se v\u00e5re prisplaner for treningssentre og instrukt\u00f8rer. Velg mellom lisensfri musikk eller kommersielle hits \u2013 alt lovlig og klart til bruk.\",\"breadcrumb\":{\"@id\":\"https:\\\/\\\/fitnessplayer.io\\\/no\\\/produkt\\\/priser\\\/#breadcrumb\"},\"inLanguage\":\"nb-NO\",\"potentialAction\":[{\"@type\":\"ReadAction\",\"target\":[\"https:\\\/\\\/fitnessplayer.io\\\/no\\\/produkt\\\/priser\\\/\"]}]},{\"@type\":\"BreadcrumbList\",\"@id\":\"https:\\\/\\\/fitnessplayer.io\\\/no\\\/produkt\\\/priser\\\/#breadcrumb\",\"itemListElement\":[{\"@type\":\"ListItem\",\"position\":1,\"name\":\"Home\",\"item\":\"https:\\\/\\\/fitnessplayer.io\\\/no\\\/\"},{\"@type\":\"ListItem\",\"position\":2,\"name\":\"Produkt\",\"item\":\"https:\\\/\\\/fitnessplayer.io\\\/no\\\/produkt\\\/\"},{\"@type\":\"ListItem\",\"position\":3,\"name\":\"Priser\"}]},{\"@type\":\"WebSite\",\"@id\":\"https:\\\/\\\/fitnessplayer.io\\\/no\\\/#website\",\"url\":\"https:\\\/\\\/fitnessplayer.io\\\/no\\\/\",\"name\":\"FitnessPlayer\",\"description\":\"Music for gyms &amp; instructors\",\"publisher\":{\"@id\":\"https:\\\/\\\/fitnessplayer.io\\\/no\\\/#organization\"},\"potentialAction\":[{\"@type\":\"SearchAction\",\"target\":{\"@type\":\"EntryPoint\",\"urlTemplate\":\"https:\\\/\\\/fitnessplayer.io\\\/no\\\/?s={search_term_string}\"},\"query-input\":{\"@type\":\"PropertyValueSpecification\",\"valueRequired\":true,\"valueName\":\"search_term_string\"}}],\"inLanguage\":\"nb-NO\"},{\"@type\":\"Organization\",\"@id\":\"https:\\\/\\\/fitnessplayer.io\\\/no\\\/#organization\",\"name\":\"FitnessPlayer\",\"url\":\"https:\\\/\\\/fitnessplayer.io\\\/no\\\/\",\"logo\":{\"@type\":\"ImageObject\",\"inLanguage\":\"nb-NO\",\"@id\":\"https:\\\/\\\/fitnessplayer.io\\\/no\\\/#\\\/schema\\\/logo\\\/image\\\/\",\"url\":\"https:\\\/\\\/fitnessplayer.io\\\/wp-content\\\/uploads\\\/2025\\\/07\\\/logo.png\",\"contentUrl\":\"https:\\\/\\\/fitnessplayer.io\\\/wp-content\\\/uploads\\\/2025\\\/07\\\/logo.png\",\"width\":628,\"height\":176,\"caption\":\"FitnessPlayer\"},\"image\":{\"@id\":\"https:\\\/\\\/fitnessplayer.io\\\/no\\\/#\\\/schema\\\/logo\\\/image\\\/\"},\"sameAs\":[\"https:\\\/\\\/www.facebook.com\\\/myfitnessplayer\\\/\",\"https:\\\/\\\/www.instagram.com\\\/fitnessplayer_\\\/\",\"https:\\\/\\\/www.linkedin.com\\\/company\\\/fitnessplayer\\\/\"]}]}<\/script>\n<!-- \/ Yoast SEO plugin. -->","yoast_head_json":{"title":"FitnessPlayer \u2013 Priser for treningssentre og instrukt\u00f8rer","description":"Se v\u00e5re prisplaner for treningssentre og instrukt\u00f8rer. Velg mellom lisensfri musikk eller kommersielle hits \u2013 alt lovlig og klart til bruk.","robots":{"index":"index","follow":"follow","max-snippet":"max-snippet:-1","max-image-preview":"max-image-preview:large","max-video-preview":"max-video-preview:-1"},"canonical":"https:\/\/fitnessplayer.io\/no\/produkt\/priser\/","og_locale":"nb_NO","og_type":"article","og_title":"FitnessPlayer \u2013 Priser for treningssentre og instrukt\u00f8rer","og_description":"Se v\u00e5re prisplaner for treningssentre og instrukt\u00f8rer. Velg mellom lisensfri musikk eller kommersielle hits \u2013 alt lovlig og klart til bruk.","og_url":"https:\/\/fitnessplayer.io\/no\/produkt\/priser\/","og_site_name":"FitnessPlayer","article_publisher":"https:\/\/www.facebook.com\/myfitnessplayer\/","article_modified_time":"2025-11-27T14:06:18+00:00","twitter_card":"summary_large_image","schema":{"@context":"https:\/\/schema.org","@graph":[{"@type":"WebPage","@id":"https:\/\/fitnessplayer.io\/no\/produkt\/priser\/","url":"https:\/\/fitnessplayer.io\/no\/produkt\/priser\/","name":"FitnessPlayer \u2013 Priser for treningssentre og instrukt\u00f8rer","isPartOf":{"@id":"https:\/\/fitnessplayer.io\/no\/#website"},"datePublished":"2025-07-10T06:18:15+00:00","dateModified":"2025-11-27T14:06:18+00:00","description":"Se v\u00e5re prisplaner for treningssentre og instrukt\u00f8rer. Velg mellom lisensfri musikk eller kommersielle hits \u2013 alt lovlig og klart til bruk.","breadcrumb":{"@id":"https:\/\/fitnessplayer.io\/no\/produkt\/priser\/#breadcrumb"},"inLanguage":"nb-NO","potentialAction":[{"@type":"ReadAction","target":["https:\/\/fitnessplayer.io\/no\/produkt\/priser\/"]}]},{"@type":"BreadcrumbList","@id":"https:\/\/fitnessplayer.io\/no\/produkt\/priser\/#breadcrumb","itemListElement":[{"@type":"ListItem","position":1,"name":"Home","item":"https:\/\/fitnessplayer.io\/no\/"},{"@type":"ListItem","position":2,"name":"Produkt","item":"https:\/\/fitnessplayer.io\/no\/produkt\/"},{"@type":"ListItem","position":3,"name":"Priser"}]},{"@type":"WebSite","@id":"https:\/\/fitnessplayer.io\/no\/#website","url":"https:\/\/fitnessplayer.io\/no\/","name":"FitnessPlayer","description":"Music for gyms &amp; instructors","publisher":{"@id":"https:\/\/fitnessplayer.io\/no\/#organization"},"potentialAction":[{"@type":"SearchAction","target":{"@type":"EntryPoint","urlTemplate":"https:\/\/fitnessplayer.io\/no\/?s={search_term_string}"},"query-input":{"@type":"PropertyValueSpecification","valueRequired":true,"valueName":"search_term_string"}}],"inLanguage":"nb-NO"},{"@type":"Organization","@id":"https:\/\/fitnessplayer.io\/no\/#organization","name":"FitnessPlayer","url":"https:\/\/fitnessplayer.io\/no\/","logo":{"@type":"ImageObject","inLanguage":"nb-NO","@id":"https:\/\/fitnessplayer.io\/no\/#\/schema\/logo\/image\/","url":"https:\/\/fitnessplayer.io\/wp-content\/uploads\/2025\/07\/logo.png","contentUrl":"https:\/\/fitnessplayer.io\/wp-content\/uploads\/2025\/07\/logo.png","width":628,"height":176,"caption":"FitnessPlayer"},"image":{"@id":"https:\/\/fitnessplayer.io\/no\/#\/schema\/logo\/image\/"},"sameAs":["https:\/\/www.facebook.com\/myfitnessplayer\/","https:\/\/www.instagram.com\/fitnessplayer_\/","https:\/\/www.linkedin.com\/company\/fitnessplayer\/"]}]}},"_links":{"self":[{"href":"https:\/\/fitnessplayer.io\/no\/wp-json\/wp\/v2\/pages\/1992","targetHints":{"allow":["GET"]}}],"collection":[{"href":"https:\/\/fitnessplayer.io\/no\/wp-json\/wp\/v2\/pages"}],"about":[{"href":"https:\/\/fitnessplayer.io\/no\/wp-json\/wp\/v2\/types\/page"}],"author":[{"embeddable":true,"href":"https:\/\/fitnessplayer.io\/no\/wp-json\/wp\/v2\/users\/1"}],"replies":[{"embeddable":true,"href":"https:\/\/fitnessplayer.io\/no\/wp-json\/wp\/v2\/comments?post=1992"}],"version-history":[{"count":10,"href":"https:\/\/fitnessplayer.io\/no\/wp-json\/wp\/v2\/pages\/1992\/revisions"}],"predecessor-version":[{"id":2350,"href":"https:\/\/fitnessplayer.io\/no\/wp-json\/wp\/v2\/pages\/1992\/revisions\/2350"}],"up":[{"embeddable":true,"href":"https:\/\/fitnessplayer.io\/no\/wp-json\/wp\/v2\/pages\/1956"}],"wp:attachment":[{"href":"https:\/\/fitnessplayer.io\/no\/wp-json\/wp\/v2\/media?parent=1992"}],"curies":[{"name":"wp","href":"https:\/\/api.w.org\/{rel}","templated":true}]}}