{"id":2647,"date":"2025-07-10T08:17:40","date_gmt":"2025-07-10T06:17:40","guid":{"rendered":"https:\/\/fitnessplayer.io\/about\/"},"modified":"2026-04-23T15:01:14","modified_gmt":"2026-04-23T13:01:14","slug":"meista","status":"publish","type":"page","link":"https:\/\/fitnessplayer.io\/fi\/meista\/","title":{"rendered":"Meist\u00e4"},"content":{"rendered":"","protected":false},"excerpt":{"rendered":"","protected":false},"author":1,"featured_media":0,"parent":0,"menu_order":0,"comment_status":"closed","ping_status":"closed","template":"ct-flexible-sections.php","meta":{"_acf_changed":false,"footnotes":""},"class_list":["post-2647","page","type-page","status-publish","hentry"],"acf":[],"yoast_head":"<!-- This site is optimized with the Yoast SEO plugin v27.4 - https:\/\/yoast.com\/product\/yoast-seo-wordpress\/ -->\n<title>FitnessPlayer \u2013 Meist\u00e4<\/title>\n<meta name=\"description\" content=\"FitnessPlayer on johtava musiikkipalvelu kuntosaleille ja ryhm\u00e4liikuntaan. Katso, miten autamme saleja ja ohjaajia vet\u00e4m\u00e4\u00e4n parempia tunteja.\" \/>\n<meta name=\"robots\" content=\"index, follow, max-snippet:-1, max-image-preview:large, max-video-preview:-1\" \/>\n<link rel=\"canonical\" href=\"https:\/\/fitnessplayer.io\/fi\/meista\/\" \/>\n<meta property=\"og:locale\" content=\"fi_FI\" \/>\n<meta property=\"og:type\" content=\"article\" \/>\n<meta property=\"og:title\" content=\"FitnessPlayer \u2013 Meist\u00e4\" \/>\n<meta property=\"og:description\" content=\"FitnessPlayer on johtava musiikkipalvelu kuntosaleille ja ryhm\u00e4liikuntaan. Katso, miten autamme saleja ja ohjaajia vet\u00e4m\u00e4\u00e4n parempia tunteja.\" \/>\n<meta property=\"og:url\" content=\"https:\/\/fitnessplayer.io\/fi\/meista\/\" \/>\n<meta property=\"og:site_name\" content=\"FitnessPlayer\" \/>\n<meta property=\"article:publisher\" content=\"https:\/\/www.facebook.com\/myfitnessplayer\/\" \/>\n<meta property=\"article:modified_time\" content=\"2026-04-23T13:01:14+00:00\" \/>\n<meta name=\"twitter:card\" content=\"summary_large_image\" \/>\n<script type=\"application\/ld+json\" class=\"yoast-schema-graph\">{\"@context\":\"https:\\\/\\\/schema.org\",\"@graph\":[{\"@type\":\"WebPage\",\"@id\":\"https:\\\/\\\/fitnessplayer.io\\\/fi\\\/meista\\\/\",\"url\":\"https:\\\/\\\/fitnessplayer.io\\\/fi\\\/meista\\\/\",\"name\":\"FitnessPlayer \u2013 Meist\u00e4\",\"isPartOf\":{\"@id\":\"https:\\\/\\\/fitnessplayer.io\\\/fi\\\/#website\"},\"datePublished\":\"2025-07-10T06:17:40+00:00\",\"dateModified\":\"2026-04-23T13:01:14+00:00\",\"description\":\"FitnessPlayer on johtava musiikkipalvelu kuntosaleille ja ryhm\u00e4liikuntaan. Katso, miten autamme saleja ja ohjaajia vet\u00e4m\u00e4\u00e4n parempia tunteja.\",\"breadcrumb\":{\"@id\":\"https:\\\/\\\/fitnessplayer.io\\\/fi\\\/meista\\\/#breadcrumb\"},\"inLanguage\":\"fi\",\"potentialAction\":[{\"@type\":\"ReadAction\",\"target\":[\"https:\\\/\\\/fitnessplayer.io\\\/fi\\\/meista\\\/\"]}]},{\"@type\":\"BreadcrumbList\",\"@id\":\"https:\\\/\\\/fitnessplayer.io\\\/fi\\\/meista\\\/#breadcrumb\",\"itemListElement\":[{\"@type\":\"ListItem\",\"position\":1,\"name\":\"Home\",\"item\":\"https:\\\/\\\/fitnessplayer.io\\\/fi\\\/\"},{\"@type\":\"ListItem\",\"position\":2,\"name\":\"Meist\u00e4\"}]},{\"@type\":\"WebSite\",\"@id\":\"https:\\\/\\\/fitnessplayer.io\\\/fi\\\/#website\",\"url\":\"https:\\\/\\\/fitnessplayer.io\\\/fi\\\/\",\"name\":\"FitnessPlayer\",\"description\":\"Music for gyms &amp; instructors\",\"publisher\":{\"@id\":\"https:\\\/\\\/fitnessplayer.io\\\/fi\\\/#organization\"},\"potentialAction\":[{\"@type\":\"SearchAction\",\"target\":{\"@type\":\"EntryPoint\",\"urlTemplate\":\"https:\\\/\\\/fitnessplayer.io\\\/fi\\\/?s={search_term_string}\"},\"query-input\":{\"@type\":\"PropertyValueSpecification\",\"valueRequired\":true,\"valueName\":\"search_term_string\"}}],\"inLanguage\":\"fi\"},{\"@type\":\"Organization\",\"@id\":\"https:\\\/\\\/fitnessplayer.io\\\/fi\\\/#organization\",\"name\":\"FitnessPlayer\",\"url\":\"https:\\\/\\\/fitnessplayer.io\\\/fi\\\/\",\"logo\":{\"@type\":\"ImageObject\",\"inLanguage\":\"fi\",\"@id\":\"https:\\\/\\\/fitnessplayer.io\\\/fi\\\/#\\\/schema\\\/logo\\\/image\\\/\",\"url\":\"https:\\\/\\\/fitnessplayer.io\\\/wp-content\\\/uploads\\\/2025\\\/07\\\/logo.png\",\"contentUrl\":\"https:\\\/\\\/fitnessplayer.io\\\/wp-content\\\/uploads\\\/2025\\\/07\\\/logo.png\",\"width\":628,\"height\":176,\"caption\":\"FitnessPlayer\"},\"image\":{\"@id\":\"https:\\\/\\\/fitnessplayer.io\\\/fi\\\/#\\\/schema\\\/logo\\\/image\\\/\"},\"sameAs\":[\"https:\\\/\\\/www.facebook.com\\\/myfitnessplayer\\\/\",\"https:\\\/\\\/www.instagram.com\\\/fitnessplayer_\\\/\",\"https:\\\/\\\/www.linkedin.com\\\/company\\\/fitnessplayer\\\/\"]}]}<\/script>\n<!-- \/ Yoast SEO plugin. -->","yoast_head_json":{"title":"FitnessPlayer \u2013 Meist\u00e4","description":"FitnessPlayer on johtava musiikkipalvelu kuntosaleille ja ryhm\u00e4liikuntaan. Katso, miten autamme saleja ja ohjaajia vet\u00e4m\u00e4\u00e4n parempia tunteja.","robots":{"index":"index","follow":"follow","max-snippet":"max-snippet:-1","max-image-preview":"max-image-preview:large","max-video-preview":"max-video-preview:-1"},"canonical":"https:\/\/fitnessplayer.io\/fi\/meista\/","og_locale":"fi_FI","og_type":"article","og_title":"FitnessPlayer \u2013 Meist\u00e4","og_description":"FitnessPlayer on johtava musiikkipalvelu kuntosaleille ja ryhm\u00e4liikuntaan. Katso, miten autamme saleja ja ohjaajia vet\u00e4m\u00e4\u00e4n parempia tunteja.","og_url":"https:\/\/fitnessplayer.io\/fi\/meista\/","og_site_name":"FitnessPlayer","article_publisher":"https:\/\/www.facebook.com\/myfitnessplayer\/","article_modified_time":"2026-04-23T13:01:14+00:00","twitter_card":"summary_large_image","schema":{"@context":"https:\/\/schema.org","@graph":[{"@type":"WebPage","@id":"https:\/\/fitnessplayer.io\/fi\/meista\/","url":"https:\/\/fitnessplayer.io\/fi\/meista\/","name":"FitnessPlayer \u2013 Meist\u00e4","isPartOf":{"@id":"https:\/\/fitnessplayer.io\/fi\/#website"},"datePublished":"2025-07-10T06:17:40+00:00","dateModified":"2026-04-23T13:01:14+00:00","description":"FitnessPlayer on johtava musiikkipalvelu kuntosaleille ja ryhm\u00e4liikuntaan. Katso, miten autamme saleja ja ohjaajia vet\u00e4m\u00e4\u00e4n parempia tunteja.","breadcrumb":{"@id":"https:\/\/fitnessplayer.io\/fi\/meista\/#breadcrumb"},"inLanguage":"fi","potentialAction":[{"@type":"ReadAction","target":["https:\/\/fitnessplayer.io\/fi\/meista\/"]}]},{"@type":"BreadcrumbList","@id":"https:\/\/fitnessplayer.io\/fi\/meista\/#breadcrumb","itemListElement":[{"@type":"ListItem","position":1,"name":"Home","item":"https:\/\/fitnessplayer.io\/fi\/"},{"@type":"ListItem","position":2,"name":"Meist\u00e4"}]},{"@type":"WebSite","@id":"https:\/\/fitnessplayer.io\/fi\/#website","url":"https:\/\/fitnessplayer.io\/fi\/","name":"FitnessPlayer","description":"Music for gyms &amp; instructors","publisher":{"@id":"https:\/\/fitnessplayer.io\/fi\/#organization"},"potentialAction":[{"@type":"SearchAction","target":{"@type":"EntryPoint","urlTemplate":"https:\/\/fitnessplayer.io\/fi\/?s={search_term_string}"},"query-input":{"@type":"PropertyValueSpecification","valueRequired":true,"valueName":"search_term_string"}}],"inLanguage":"fi"},{"@type":"Organization","@id":"https:\/\/fitnessplayer.io\/fi\/#organization","name":"FitnessPlayer","url":"https:\/\/fitnessplayer.io\/fi\/","logo":{"@type":"ImageObject","inLanguage":"fi","@id":"https:\/\/fitnessplayer.io\/fi\/#\/schema\/logo\/image\/","url":"https:\/\/fitnessplayer.io\/wp-content\/uploads\/2025\/07\/logo.png","contentUrl":"https:\/\/fitnessplayer.io\/wp-content\/uploads\/2025\/07\/logo.png","width":628,"height":176,"caption":"FitnessPlayer"},"image":{"@id":"https:\/\/fitnessplayer.io\/fi\/#\/schema\/logo\/image\/"},"sameAs":["https:\/\/www.facebook.com\/myfitnessplayer\/","https:\/\/www.instagram.com\/fitnessplayer_\/","https:\/\/www.linkedin.com\/company\/fitnessplayer\/"]}]}},"_links":{"self":[{"href":"https:\/\/fitnessplayer.io\/fi\/wp-json\/wp\/v2\/pages\/2647","targetHints":{"allow":["GET"]}}],"collection":[{"href":"https:\/\/fitnessplayer.io\/fi\/wp-json\/wp\/v2\/pages"}],"about":[{"href":"https:\/\/fitnessplayer.io\/fi\/wp-json\/wp\/v2\/types\/page"}],"author":[{"embeddable":true,"href":"https:\/\/fitnessplayer.io\/fi\/wp-json\/wp\/v2\/users\/1"}],"replies":[{"embeddable":true,"href":"https:\/\/fitnessplayer.io\/fi\/wp-json\/wp\/v2\/comments?post=2647"}],"version-history":[{"count":4,"href":"https:\/\/fitnessplayer.io\/fi\/wp-json\/wp\/v2\/pages\/2647\/revisions"}],"predecessor-version":[{"id":2933,"href":"https:\/\/fitnessplayer.io\/fi\/wp-json\/wp\/v2\/pages\/2647\/revisions\/2933"}],"wp:attachment":[{"href":"https:\/\/fitnessplayer.io\/fi\/wp-json\/wp\/v2\/media?parent=2647"}],"curies":[{"name":"wp","href":"https:\/\/api.w.org\/{rel}","templated":true}]}}