{"id":1501,"date":"2025-10-10T11:19:46","date_gmt":"2025-10-10T09:19:46","guid":{"rendered":"https:\/\/fitnessplayer.io\/onboarding\/"},"modified":"2025-10-17T11:31:37","modified_gmt":"2025-10-17T09:31:37","slug":"onboarding","status":"publish","type":"page","link":"https:\/\/fitnessplayer.io\/de\/onboarding\/","title":{"rendered":"Onboarding"},"content":{"rendered":"","protected":false},"excerpt":{"rendered":"","protected":false},"author":2,"featured_media":0,"parent":0,"menu_order":0,"comment_status":"closed","ping_status":"closed","template":"ct-flexible-sections.php","meta":{"_acf_changed":false,"footnotes":""},"class_list":["post-1501","page","type-page","status-publish","hentry"],"acf":[],"yoast_head":"<!-- This site is optimized with the Yoast SEO plugin v26.4 - https:\/\/yoast.com\/wordpress\/plugins\/seo\/ -->\n<title>FitnessPlayer \u2013 Onboarding<\/title>\n<meta name=\"description\" content=\"Buchen Sie eine pers\u00f6nliche Einf\u00fchrung in FitnessPlayer und lernen Sie, wie unsere Musikplattform Schritt f\u00fcr Schritt funktioniert.\" \/>\n<meta name=\"robots\" content=\"noindex, nofollow\" \/>\n<meta property=\"og:locale\" content=\"de_DE\" \/>\n<meta property=\"og:type\" content=\"article\" \/>\n<meta property=\"og:title\" content=\"FitnessPlayer \u2013 Onboarding\" \/>\n<meta property=\"og:description\" content=\"Buchen Sie eine pers\u00f6nliche Einf\u00fchrung in FitnessPlayer und lernen Sie, wie unsere Musikplattform Schritt f\u00fcr Schritt funktioniert.\" \/>\n<meta property=\"og:url\" content=\"https:\/\/fitnessplayer.io\/de\/onboarding\/\" \/>\n<meta property=\"og:site_name\" content=\"FitnessPlayer\" \/>\n<meta property=\"article:publisher\" content=\"https:\/\/www.facebook.com\/myfitnessplayer\/\" \/>\n<meta property=\"article:modified_time\" content=\"2025-10-17T09:31:37+00:00\" \/>\n<meta name=\"twitter:card\" content=\"summary_large_image\" \/>\n<script type=\"application\/ld+json\" class=\"yoast-schema-graph\">{\"@context\":\"https:\/\/schema.org\",\"@graph\":[{\"@type\":\"WebPage\",\"@id\":\"https:\/\/fitnessplayer.io\/de\/onboarding\/\",\"url\":\"https:\/\/fitnessplayer.io\/de\/onboarding\/\",\"name\":\"FitnessPlayer \u2013 Onboarding\",\"isPartOf\":{\"@id\":\"https:\/\/fitnessplayer.io\/de\/#website\"},\"datePublished\":\"2025-10-10T09:19:46+00:00\",\"dateModified\":\"2025-10-17T09:31:37+00:00\",\"description\":\"Buchen Sie eine pers\u00f6nliche Einf\u00fchrung in FitnessPlayer und lernen Sie, wie unsere Musikplattform Schritt f\u00fcr Schritt funktioniert.\",\"breadcrumb\":{\"@id\":\"https:\/\/fitnessplayer.io\/de\/onboarding\/#breadcrumb\"},\"inLanguage\":\"de\",\"potentialAction\":[{\"@type\":\"ReadAction\",\"target\":[\"https:\/\/fitnessplayer.io\/de\/onboarding\/\"]}]},{\"@type\":\"BreadcrumbList\",\"@id\":\"https:\/\/fitnessplayer.io\/de\/onboarding\/#breadcrumb\",\"itemListElement\":[{\"@type\":\"ListItem\",\"position\":1,\"name\":\"Home\",\"item\":\"https:\/\/fitnessplayer.io\/de\/\"},{\"@type\":\"ListItem\",\"position\":2,\"name\":\"Onboarding\"}]},{\"@type\":\"WebSite\",\"@id\":\"https:\/\/fitnessplayer.io\/de\/#website\",\"url\":\"https:\/\/fitnessplayer.io\/de\/\",\"name\":\"FitnessPlayer\",\"description\":\"Music for gyms &amp; instructors\",\"publisher\":{\"@id\":\"https:\/\/fitnessplayer.io\/de\/#organization\"},\"potentialAction\":[{\"@type\":\"SearchAction\",\"target\":{\"@type\":\"EntryPoint\",\"urlTemplate\":\"https:\/\/fitnessplayer.io\/de\/?s={search_term_string}\"},\"query-input\":{\"@type\":\"PropertyValueSpecification\",\"valueRequired\":true,\"valueName\":\"search_term_string\"}}],\"inLanguage\":\"de\"},{\"@type\":\"Organization\",\"@id\":\"https:\/\/fitnessplayer.io\/de\/#organization\",\"name\":\"FitnessPlayer\",\"url\":\"https:\/\/fitnessplayer.io\/de\/\",\"logo\":{\"@type\":\"ImageObject\",\"inLanguage\":\"de\",\"@id\":\"https:\/\/fitnessplayer.io\/de\/#\/schema\/logo\/image\/\",\"url\":\"https:\/\/fitnessplayer.io\/wp-content\/uploads\/2025\/07\/logo.png\",\"contentUrl\":\"https:\/\/fitnessplayer.io\/wp-content\/uploads\/2025\/07\/logo.png\",\"width\":628,\"height\":176,\"caption\":\"FitnessPlayer\"},\"image\":{\"@id\":\"https:\/\/fitnessplayer.io\/de\/#\/schema\/logo\/image\/\"},\"sameAs\":[\"https:\/\/www.facebook.com\/myfitnessplayer\/\",\"https:\/\/www.instagram.com\/fitnessplayer_\/\",\"https:\/\/www.linkedin.com\/company\/fitnessplayer\/\"]}]}<\/script>\n<!-- \/ Yoast SEO plugin. -->","yoast_head_json":{"title":"FitnessPlayer \u2013 Onboarding","description":"Buchen Sie eine pers\u00f6nliche Einf\u00fchrung in FitnessPlayer und lernen Sie, wie unsere Musikplattform Schritt f\u00fcr Schritt funktioniert.","robots":{"index":"noindex","follow":"nofollow"},"og_locale":"de_DE","og_type":"article","og_title":"FitnessPlayer \u2013 Onboarding","og_description":"Buchen Sie eine pers\u00f6nliche Einf\u00fchrung in FitnessPlayer und lernen Sie, wie unsere Musikplattform Schritt f\u00fcr Schritt funktioniert.","og_url":"https:\/\/fitnessplayer.io\/de\/onboarding\/","og_site_name":"FitnessPlayer","article_publisher":"https:\/\/www.facebook.com\/myfitnessplayer\/","article_modified_time":"2025-10-17T09:31:37+00:00","twitter_card":"summary_large_image","schema":{"@context":"https:\/\/schema.org","@graph":[{"@type":"WebPage","@id":"https:\/\/fitnessplayer.io\/de\/onboarding\/","url":"https:\/\/fitnessplayer.io\/de\/onboarding\/","name":"FitnessPlayer \u2013 Onboarding","isPartOf":{"@id":"https:\/\/fitnessplayer.io\/de\/#website"},"datePublished":"2025-10-10T09:19:46+00:00","dateModified":"2025-10-17T09:31:37+00:00","description":"Buchen Sie eine pers\u00f6nliche Einf\u00fchrung in FitnessPlayer und lernen Sie, wie unsere Musikplattform Schritt f\u00fcr Schritt funktioniert.","breadcrumb":{"@id":"https:\/\/fitnessplayer.io\/de\/onboarding\/#breadcrumb"},"inLanguage":"de","potentialAction":[{"@type":"ReadAction","target":["https:\/\/fitnessplayer.io\/de\/onboarding\/"]}]},{"@type":"BreadcrumbList","@id":"https:\/\/fitnessplayer.io\/de\/onboarding\/#breadcrumb","itemListElement":[{"@type":"ListItem","position":1,"name":"Home","item":"https:\/\/fitnessplayer.io\/de\/"},{"@type":"ListItem","position":2,"name":"Onboarding"}]},{"@type":"WebSite","@id":"https:\/\/fitnessplayer.io\/de\/#website","url":"https:\/\/fitnessplayer.io\/de\/","name":"FitnessPlayer","description":"Music for gyms &amp; instructors","publisher":{"@id":"https:\/\/fitnessplayer.io\/de\/#organization"},"potentialAction":[{"@type":"SearchAction","target":{"@type":"EntryPoint","urlTemplate":"https:\/\/fitnessplayer.io\/de\/?s={search_term_string}"},"query-input":{"@type":"PropertyValueSpecification","valueRequired":true,"valueName":"search_term_string"}}],"inLanguage":"de"},{"@type":"Organization","@id":"https:\/\/fitnessplayer.io\/de\/#organization","name":"FitnessPlayer","url":"https:\/\/fitnessplayer.io\/de\/","logo":{"@type":"ImageObject","inLanguage":"de","@id":"https:\/\/fitnessplayer.io\/de\/#\/schema\/logo\/image\/","url":"https:\/\/fitnessplayer.io\/wp-content\/uploads\/2025\/07\/logo.png","contentUrl":"https:\/\/fitnessplayer.io\/wp-content\/uploads\/2025\/07\/logo.png","width":628,"height":176,"caption":"FitnessPlayer"},"image":{"@id":"https:\/\/fitnessplayer.io\/de\/#\/schema\/logo\/image\/"},"sameAs":["https:\/\/www.facebook.com\/myfitnessplayer\/","https:\/\/www.instagram.com\/fitnessplayer_\/","https:\/\/www.linkedin.com\/company\/fitnessplayer\/"]}]}},"_links":{"self":[{"href":"https:\/\/fitnessplayer.io\/de\/wp-json\/wp\/v2\/pages\/1501","targetHints":{"allow":["GET"]}}],"collection":[{"href":"https:\/\/fitnessplayer.io\/de\/wp-json\/wp\/v2\/pages"}],"about":[{"href":"https:\/\/fitnessplayer.io\/de\/wp-json\/wp\/v2\/types\/page"}],"author":[{"embeddable":true,"href":"https:\/\/fitnessplayer.io\/de\/wp-json\/wp\/v2\/users\/2"}],"replies":[{"embeddable":true,"href":"https:\/\/fitnessplayer.io\/de\/wp-json\/wp\/v2\/comments?post=1501"}],"version-history":[{"count":2,"href":"https:\/\/fitnessplayer.io\/de\/wp-json\/wp\/v2\/pages\/1501\/revisions"}],"predecessor-version":[{"id":1563,"href":"https:\/\/fitnessplayer.io\/de\/wp-json\/wp\/v2\/pages\/1501\/revisions\/1563"}],"wp:attachment":[{"href":"https:\/\/fitnessplayer.io\/de\/wp-json\/wp\/v2\/media?parent=1501"}],"curies":[{"name":"wp","href":"https:\/\/api.w.org\/{rel}","templated":true}]}}